{"id":263,"date":"2014-03-21T14:37:36","date_gmt":"2014-03-21T13:37:36","guid":{"rendered":"http:\/\/www.fondation-antoine-de-saint-exupery.org\/actions-soutenues-2\/"},"modified":"2019-12-18T18:21:30","modified_gmt":"2019-12-18T17:21:30","slug":"our-actions","status":"publish","type":"page","link":"https:\/\/dev.fasej.org\/en\/our-actions\/","title":{"rendered":"Our Actions"},"content":{"rendered":"<p><center>[youtube id=&#8221;-Uv3tQH-PcU&#8221; width=&#8221;900&#8243; height=&#8221;500&#8243; autoplay=&#8221;no&#8221; api_params=&#8221;&#8221;]<\/center><\/p>\n<p style=\"text-align: center;\">[separator top=&#8221;40&#8243; bottom=&#8221;40&#8243; style=&#8221;single&#8221;]<\/p>\n<p style=\"text-align: left;\"><div class='one_fourth'>\n\t\t\t\t\t<p style=\"text-align: center;\"><strong>Writing Contest\n&#8220;Saint Exup\u00e9ry&#8221; 2018\n<\/strong><\/p>\n<p style=\"text-align: center;\">[separator top=&#8221;22&#8243; bottom=&#8221;22&#8243; style=&#8221;none&#8221;]<\/p>\n<p><center>[youtube id=&#8221;BGyCunhxWfw&#8221; width=&#8221;240&#8243; height=&#8221;140&#8243; autoplay=&#8221;no&#8221; api_params=&#8221;&#8221;]<\/center><\/p>\n<p style=\"text-align: center;\"><a href='http:\/\/labodeshistoires.com\/lbh\/aerien\/' class='small-button smalldefault'>Website<\/a><\/p>\n<p style=\"text-align: center;\"><a href='http:\/\/dev.fasej.org\/calogero-lance-concours-decriture-saint-exupery-2018\/' class='small-button smalllightgray'>Read more<\/a><\/p>\n<p style=\"text-align: center;\"><strong>with the support of<\/strong><a href=\"https:\/\/www.iwc.com\/en\/company\/partnerships\/saint-exupery.html\" target=\"_blank\" rel=\"noopener\"><img decoding=\"async\" loading=\"lazy\" class=\"aligncenter wp-image-30105 size-full\" src=\"http:\/\/dev.fasej.org\/wp-content\/uploads\/2018\/06\/logo-IWC.jpg\" alt=\"\" width=\"145\" height=\"75\" \/><\/a><\/p>\n<p style=\"text-align: left;\">\n\t\t\t\t<\/div><br \/>\n<div class='one_fourth'>\n\t\t\t\t\t<p style=\"text-align: center;\"><strong>Cours Saint Exup\u00e9ry &#8211; Asni\u00e8res Esp\u00e9rance Banlieues<\/strong><\/p>\n<p><center>[youtube id=&#8221;FU-a0t4QGW8&#8243; width=&#8221;240&#8243; height=&#8221;140&#8243; autoplay=&#8221;no&#8221; api_params=&#8221;&#8221;]<\/center><\/p>\n<p style=\"text-align: center;\"><a href='https:\/\/www.coursantoinedesaintexupery.eb.education\/' class='small-button smalldefault'>Website<\/a><\/p>\n<p style=\"text-align: center;\"><a href='http:\/\/dev.fasej.org\/en\/the-foundation-supports-the-antoine-de-saint-exupery-school-in-asnieres-seine\/' class='small-button smalllightgray'>Read More<\/a><\/p>\n<p style=\"text-align: left;\">\n\t\t\t\t<\/div><br \/>\n<div class='one_fourth'>\n\t\t\t\t\t<p style=\"text-align: center;\"><strong>Institut de l&#8217;Engagement \/ Institut du Service Civique<\/strong><\/p>\n<p style=\"text-align: center;\">[separator top=&#8221;22&#8243; bottom=&#8221;22&#8243; style=&#8221;none&#8221;]<\/p>\n<p><img decoding=\"async\" loading=\"lazy\" class=\"aligncenter size-full wp-image-30061\" src=\"http:\/\/dev.fasej.org\/wp-content\/uploads\/2018\/06\/Institut-engagement-1.jpg\" alt=\"\" width=\"206\" height=\"121\" \/><\/p>\n<p style=\"text-align: center;\"><a href='https:\/\/www.engagement.fr\/?s=saint+exup%C3%A9ry&#038;submit=+' class='small-button smalldefault'>Website<\/a><\/p>\n<p style=\"text-align: center;\"><a href='http:\/\/dev.fasej.org\/en\/saint-exupery-grants-for-the-institut-du-service-civique\/' class='small-button smalllightgray'>Read more<\/a><\/p>\n<p style=\"text-align: left;\">\n\t\t\t\t<\/div><br \/>\n<div class='one_fourth'>\n\t\t\t\t\t<p style=\"text-align: center;\"><strong>Le Labo des Histoires<\/strong><\/p>\n<p style=\"text-align: center;\">[separator top=&#8221;40&#8243; bottom=&#8221;40&#8243; style=&#8221;none&#8221;]<\/p>\n<p><center><iframe loading=\"lazy\" src=\"\/\/www.dailymotion.com\/embed\/video\/x47qvw6\" width=\"206\" height=\"120\" frameborder=\"0\" allowfullscreen=\"allowfullscreen\"><\/iframe><\/center><center>[separator top=&#8221;20&#8243; bottom=&#8221;20&#8243; style=&#8221;none&#8221;]<\/center><center><a href='http:\/\/labodeshistoires.com\/lbh' class='small-button smalldefault'>Website<\/a><\/center><\/p>\n<p style=\"text-align: center;\"><a href='http:\/\/dev.fasej.org\/en\/labo-histoires-workshops-on-saint-exupery\/' class='small-button smalllightgray'>Read more<\/a><\/p>\n<p style=\"text-align: left;\">\n\t\t\t\t<\/div><\/p>\n<p style=\"text-align: center;\">[separator top=&#8221;40&#8243; bottom=&#8221;40&#8243; style=&#8221;single&#8221;]<\/p>\n<p style=\"text-align: left;\"><div class='one_fourth'>\n\t\t\t\t\t<p style=\"text-align: center;\"><strong>Raid Lat\u00e9co\u00e8re<\/strong><\/p>\n<p style=\"text-align: center;\">[separator top=&#8221;22&#8243; bottom=&#8221;22&#8243; style=&#8221;none&#8221;]<\/p>\n<p><center>[youtube id=&#8221;lBOxiIdcGhk&#8221; width=&#8221;240&#8243; height=&#8221;140&#8243; autoplay=&#8221;no&#8221; api_params=&#8221;&#8221;]<\/center><\/p>\n<p style=\"text-align: center;\"><a href='http:\/\/www.raid-latecoere.org\/' class='small-button smalldefault'>Website<\/a><\/p>\n<p style=\"text-align: center;\"><a href='http:\/\/dev.fasej.org\/calogero-lance-concours-decriture-saint-exupery-2018\/' class='small-button smalllightgray'>Read more<\/a><\/p>\n<p style=\"text-align: center;\"><strong>with the support of<\/strong><a href=\"https:\/\/www.iwc.com\/en\/company\/partnerships\/saint-exupery.html\" target=\"_blank\" rel=\"noopener\"><img decoding=\"async\" loading=\"lazy\" class=\"aligncenter wp-image-30105 size-full\" src=\"http:\/\/dev.fasej.org\/wp-content\/uploads\/2018\/06\/logo-IWC.jpg\" alt=\"\" width=\"145\" height=\"75\" \/><\/a><\/p>\n<p style=\"text-align: left;\">\n\t\t\t\t<\/div><br \/>\n<div class='one_fourth'>\n\t\t\t\t\t<p style=\"text-align: center;\"><strong>Arrimage<\/strong><\/p>\n<p style=\"text-align: center;\">[separator top=&#8221;22&#8243; bottom=&#8221;22&#8243; style=&#8221;none&#8221;]<\/p>\n<p><center>[youtube id=&#8221;m7sua69gP78&#8243; width=&#8221;240&#8243; height=&#8221;140&#8243; autoplay=&#8221;no&#8221; api_params=&#8221;&#8221;]<\/center><\/p>\n<p style=\"text-align: center;\"><a href='http:\/\/www.arrimage.net\/en\/' class='small-button smalldefault'>Website<\/a><\/p>\n<p style=\"text-align: center;\"><a href='http:\/\/dev.fasej.org\/en\/first-ever-little-prince-tactile-art-book-with-drawings-in-relief-and-texts-in-english-french-and-braille\/' class='small-button smalllightgray'>Read more<\/a><\/p>\n<p style=\"text-align: center;\"><strong>with the support of<\/strong>\n<a href=\"https:\/\/www.iwc.com\/en\/company\/partnerships\/saint-exupery.html\" target=\"_blank\" rel=\"noopener\"><img decoding=\"async\" loading=\"lazy\" class=\"aligncenter wp-image-30105 size-full\" src=\"http:\/\/dev.fasej.org\/wp-content\/uploads\/2018\/06\/logo-IWC.jpg\" alt=\"\" width=\"145\" height=\"75\" \/><\/a><\/p>\n<p style=\"text-align: left;\">\n\t\t\t\t<\/div><br \/>\n<div class='one_fourth'>\n\t\t\t\t\t<p style=\"text-align: center;\"><strong>First writing contest from space<\/strong><\/p>\n<p><center><center>[youtube id=&#8221;paguSBopbPA&#8221; width=&#8221;240&#8243; height=&#8221;140&#8243; autoplay=&#8221;no&#8221; api_params=&#8221;&#8221;]<\/center><\/center><\/p>\n<p style=\"text-align: center;\"><a href='http:\/\/dev.fasej.org\/en\/meeting-with-french-astronaut-thomas-pesquet\/' class='small-button smalllightgray'>Read more<\/a><\/p>\n<p style=\"text-align: center;\">[separator top=&#8221;56&#8243; bottom=&#8221;56&#8243; style=&#8221;none&#8221;]<\/p>\n<p style=\"text-align: center;\"><strong>with the support of<\/strong>\n<a href=\"https:\/\/www.iwc.com\/en\/company\/partnerships\/saint-exupery.html\" target=\"_blank\" rel=\"noopener\"><img decoding=\"async\" loading=\"lazy\" class=\"aligncenter wp-image-30105 size-full\" src=\"http:\/\/dev.fasej.org\/wp-content\/uploads\/2018\/06\/logo-IWC.jpg\" alt=\"\" width=\"145\" height=\"75\" \/><\/a><\/p>\n<p style=\"text-align: left;\">\n\t\t\t\t<\/div><br \/>\n<div class='one_fourth'>\n\t\t\t\t\t<p style=\"text-align: center;\"><strong>SIPAR &#8211; Cambodia<\/strong><\/p>\n<p style=\"text-align: center;\">[separator top=&#8221;22&#8243; bottom=&#8221;22&#8243; style=&#8221;none&#8221;]<\/p>\n<p><center>[youtube id=&#8221;gCssK5CfTRQ&#8221; width=&#8221;240&#8243; height=&#8221;140&#8243; autoplay=&#8221;no&#8221; api_params=&#8221;&#8221;]<\/center><\/p>\n<p style=\"text-align: center;\"><a href='http:\/\/www.sipar.org\/' class='small-button smalldefault'>Website<\/a><\/p>\n<p style=\"text-align: center;\"><a href='http:\/\/dev.fasej.org\/wp-content\/uploads\/2018\/10\/sipar-action_68-oct-18-w.pdf' class='small-button smalllightgray'>Newsletter &#8211; Oct 2018<\/a><\/p>\n<p style=\"text-align: center;\"><a href='http:\/\/dev.fasej.org\/en\/our-actions\/cambodia-association-sipar-bibliobus\/' class='small-button smalllightgray'>Read more<\/a><\/p>\n<p style=\"text-align: left;\">\n\t\t\t\t<\/div><\/p>\n<p style=\"text-align: center;\">[separator top=&#8221;40&#8243; bottom=&#8221;40&#8243; style=&#8221;single&#8221;]<\/p>\n<p style=\"text-align: left;\"><div class='one_fourth'>\n\t\t\t\t\t<p style=\"text-align: center;\"><strong>Les Ailes du Petit Prince<\/strong><\/p>\n<p style=\"text-align: center;\">[separator top=&#8221;22&#8243; bottom=&#8221;22&#8243; style=&#8221;none&#8221;]<\/p>\n<p><center>[vimeo id=&#8221;9941957&#8243; width=&#8221;240&#8243; height=&#8221;140&#8243; autoplay=&#8221;no&#8221; api_params=&#8221;&#8221;]<\/center><\/p>\n<p style=\"text-align: center;\"><a href='http:\/\/www.lesailesdupetitprince.fr\/NouveauSite\/' class='small-button smalldefault'>Website<\/a><\/p>\n<p style=\"text-align: left;\">\n\t\t\t\t<\/div><br \/>\n<div class='one_fourth'>\n\t\t\t\t\t<p style=\"text-align: center;\"><strong>Paris T\u00e9gu &#8211; Honduras<\/strong><\/p>\n<p style=\"text-align: center;\">[separator top=&#8221;22&#8243; bottom=&#8221;22&#8243; style=&#8221;none&#8221;]<\/p>\n<p><center><iframe loading=\"lazy\" style=\"border: none; overflow: hidden;\" src=\"https:\/\/www.facebook.com\/plugins\/video.php?href=https%3A%2F%2Fwww.facebook.com%2Fparis.tegu%2Fvideos%2F2606537252771202%2F&amp;show_text=0&amp;width=560\" width=\"206\" height=\"121\" frameborder=\"0\" scrolling=\"no\" allowfullscreen=\"allowfullscreen\"><\/iframe><\/center><\/p>\n<p style=\"text-align: center;\"><a href='http:\/\/www.paris-tegu.org\/' class='small-button smalldefault'>Website<\/a><\/p>\n<p style=\"text-align: center;\"><a href='http:\/\/dev.fasej.org\/en\/our-actions\/honduras-paris-tegu-association\/' class='small-button smalllightgray'>Read more<\/a><\/p>\n<p style=\"text-align: left;\">\n\t\t\t\t<\/div><br \/>\n<div class='one_fourth'>\n\t\t\t\t\t<p style=\"text-align: center;\"><strong>Little Prince Children Hospital of Curitiba &#8211; Brazil<\/strong><\/p>\n<p><center>[youtube id=&#8221;ul7KSF9CcwQ&#8221; width=&#8221;240&#8243; height=&#8221;140&#8243; autoplay=&#8221;no&#8221; api_params=&#8221;&#8221;]<\/center><\/p>\n<p style=\"text-align: center;\"><a href='http:\/\/pequenoprincipe.org.br\/noticia\/e-inaugurada-a-biblioteca-o-pequeno-principe\/' class='small-button smalldefault'>Website<\/a><\/p>\n<p style=\"text-align: center;\"><a href='http:\/\/dev.fasej.org\/en\/adriana-lima-at-the-little-prince-childrens-hospital-in-brazil\/' class='small-button smalllightgray'>Read more<\/a><\/p>\n<p>&nbsp;<\/p>\n<p style=\"text-align: left;\">\n\t\t\t\t<\/div><br \/>\n<div class='one_fourth'>\n\t\t\t\t\t<p style=\"text-align: center;\"><strong>Alliance Fran\u00e7aise de Florianopolis &#8211; Brazil<\/strong><\/p>\n<p><center><iframe loading=\"lazy\" style=\"border: none; overflow: hidden;\" src=\"https:\/\/www.facebook.com\/plugins\/video.php?href=https%3A%2F%2Fwww.facebook.com%2FSBTSConline%2Fvideos%2F1559636750765829%2F&amp;show_text=0&amp;width=560\" width=\"206\" height=\"121\" frameborder=\"0\" scrolling=\"no\" allowfullscreen=\"allowfullscreen\" data-mce-fragment=\"1\"><\/iframe><\/center><center>[separator top=&#8221;20&#8243; bottom=&#8221;20&#8243; style=&#8221;none&#8221;]<\/center><center><a href='https:\/\/www.facebook.com\/affloripa\/' class='small-button smallblue'>Facebook Page<\/a><\/center><\/p>\n<p style=\"text-align: left;\">\n\t\t\t\t<\/div><\/p>\n<p style=\"text-align: center;\">[separator top=&#8221;40&#8243; bottom=&#8221;40&#8243; style=&#8221;single&#8221;]<\/p>\n<p style=\"text-align: left;\"><div class='one_fourth'>\n\t\t\t\t\t<p style=\"text-align: center;\"><strong>Op\u00e9ration Vol de Nuit &#8211; Argentina<\/strong><\/p>\n<p style=\"text-align: center;\"><img decoding=\"async\" loading=\"lazy\" class=\"aligncenter size-full wp-image-30078\" src=\"http:\/\/dev.fasej.org\/wp-content\/uploads\/2018\/06\/Vol-de-nuit.jpg\" alt=\"\" width=\"206\" height=\"121\" \/><\/p>\n<p style=\"text-align: center;\"><a href='http:\/\/www.voldenuit-vuelonocturno.org\/' class='small-button smalldefault'>Website<\/a><\/p>\n<p style=\"text-align: left;\">\n\t\t\t\t<\/div><br \/>\n<div class='one_fourth'>\n\t\t\t\t\t<p style=\"text-align: center;\"><strong>Prix Saint Exup\u00e9ry<\/strong>\n<strong>Valeurs Jeunesse<\/strong><\/p>\n<p style=\"text-align: center;\"><img decoding=\"async\" loading=\"lazy\" class=\"aligncenter size-full wp-image-30004\" src=\"http:\/\/dev.fasej.org\/wp-content\/uploads\/2018\/06\/prix-Saint-Exupery.jpg\" alt=\"\" width=\"206\" height=\"121\" \/><\/p>\n<p style=\"text-align: center;\"><a href='https:\/\/www.prixsaintexupery.fr\/' class='small-button smalldefault'>Website<\/a><\/p>\n\t\t\t\t<\/div><br \/>\n<div class='one_fourth'>\n\t\t\t\t\t<p style=\"text-align: center;\"><strong>IECD Mae Sot &#8211; Thailand<\/strong><\/p>\n<p style=\"text-align: center;\">[separator top=&#8221;22&#8243; bottom=&#8221;22&#8243; style=&#8221;none&#8221;]<\/p>\n<p><center>[youtube id=&#8221;b2ARgwBKk3A&#8221; width=&#8221;240&#8243; height=&#8221;140&#8243; autoplay=&#8221;no&#8221; api_params=&#8221;&#8221;]<\/center><\/p>\n<p style=\"text-align: center;\"><a href='http:\/\/hctcmaesot.org\/' class='small-button smalldefault'>Website<\/a><\/p>\n<p style=\"text-align: center;\"><a href='http:\/\/dev.fasej.org\/en\/support-of-the-hctc-school-for-underprivileged-thai-youth\/' class='small-button smalllightgray'>Read more<\/a><\/p>\n<p style=\"text-align: center;\"><strong>with the support of<\/strong>\n<a href=\"https:\/\/www.iwc.com\/en\/company\/partnerships\/saint-exupery.html\" target=\"_blank\" rel=\"noopener\"><img decoding=\"async\" loading=\"lazy\" class=\"aligncenter wp-image-30105 size-full\" src=\"http:\/\/dev.fasej.org\/wp-content\/uploads\/2018\/06\/logo-IWC.jpg\" alt=\"\" width=\"145\" height=\"75\" \/><\/a><\/p>\n<p style=\"text-align: left;\">\n\t\t\t\t<\/div><br \/>\n<div class='one_fourth'>\n\t\t\t\t\t<p style=\"text-align: center;\"><strong>Association Nature et Aventure<\/strong><\/p>\n<p style=\"text-align: center;\"><img decoding=\"async\" loading=\"lazy\" class=\"aligncenter size-full wp-image-30080\" src=\"http:\/\/dev.fasej.org\/wp-content\/uploads\/2018\/06\/Association-Nature-et-Aventure.jpg\" alt=\"\" width=\"206\" height=\"121\" \/><\/p>\n<p style=\"text-align: center;\"><a href='http:\/\/dev.fasej.org\/wp-content\/uploads\/2018\/06\/Bilan-projet-CHILI-2017-2.pdf' class='small-button smalllightgray'>Chile 2017<\/a><\/p>\n<p style=\"text-align: center;\"><a href='http:\/\/dev.fasej.org\/wp-content\/uploads\/2018\/06\/Projet-BRESIL-2018.pdf' class='small-button smalllightgray'>Brazil 2018<\/a><\/p>\n<p style=\"text-align: left;\">\n\t\t\t\t<\/div><\/p>\n<p style=\"text-align: center;\">[separator top=&#8221;40&#8243; bottom=&#8221;40&#8243; style=&#8221;single&#8221;]<\/p>\n<p style=\"text-align: left;\"><div class='one_fourth'>\n\t\t\t\t\t<p style=\"text-align: center;\"><strong>Regard&#8217;En France &#8211; Centre Ressources Th\u00e9\u00e2tre Handicap<\/strong><\/p>\n<p style=\"text-align: center;\"><img decoding=\"async\" loading=\"lazy\" class=\"aligncenter size-full wp-image-30068\" src=\"http:\/\/dev.fasej.org\/wp-content\/uploads\/2018\/06\/5FRANCE-TopCenter-Mini.jpg\" alt=\"\" width=\"206\" height=\"121\" \/><\/p>\n<p style=\"text-align: center;\"><a href='http:\/\/www.crth.org' class='small-button smalldefault'>Website<\/a><\/p>\n<p style=\"text-align: center;\"><a href='http:\/\/dev.fasej.org\/en\/our-actions\/france-regarden-france-cie\/' class='small-button smalllightgray'>Read more<\/a><\/p>\n<p style=\"text-align: left;\">\n\t\t\t\t<\/div><br \/>\n<div class='one_fourth'>\n\t\t\t\t\t<p style=\"text-align: center;\"><strong>Acad\u00e9mie Cap Juby &#8211; Morocco<\/strong><\/p>\n<p style=\"text-align: center;\">[separator top=&#8221;22&#8243; bottom=&#8221;22&#8243; style=&#8221;none&#8221;]<\/p>\n<p><center>[youtube id=&#8221;XL-mwws3P_8&#8243; width=&#8221;240&#8243; height=&#8221;140&#8243; autoplay=&#8221;no&#8221; api_params=&#8221;&#8221;]<\/center><\/p>\n<p style=\"text-align: center;\"><a href='http:\/\/dev.fasej.org\/en\/our-actions\/morocco-creation-of-the-cap-juby-sports-academy\/' class='small-button smalllightgray'>Read more<\/a><\/p>\n<p style=\"text-align: left;\">\n\t\t\t\t<\/div><br \/>\n<div class='one_fourth'>\n\t\t\t\t\t<p style=\"text-align: center;\"><strong>Polarkid<\/strong><\/p>\n<p style=\"text-align: center;\">[separator top=&#8221;40&#8243; bottom=&#8221;40&#8243; style=&#8221;none&#8221;]<\/p>\n<p><center>[youtube id=&#8221;UmvDcglTfi0&#8243; width=&#8221;240&#8243; height=&#8221;140&#8243; autoplay=&#8221;no&#8221; api_params=&#8221;&#8221;]<\/center><\/p>\n<p style=\"text-align: center;\"><a href='https:\/\/www.polarkid.org\/' class='small-button smalldefault'>Website<\/a><\/p>\n<p style=\"text-align: left;\">\n\t\t\t\t<\/div><br \/>\n<div class='one_fourth'>\n\t\t\t\t\t<p style=\"text-align: center;\"><strong>Amour Sans Fronti\u00e8re &#8211; Togo<\/strong><\/p>\n<p style=\"text-align: center;\">[separator top=&#8221;40&#8243; bottom=&#8221;40&#8243; style=&#8221;none&#8221;]<\/p>\n<p><center><iframe loading=\"lazy\" style=\"border: none; overflow: hidden;\" src=\"https:\/\/www.facebook.com\/plugins\/video.php?href=https%3A%2F%2Fwww.facebook.com%2Famoursansfrontiere69%2Fvideos%2F644422139004702%2F&amp;show_text=0&amp;width=206\" width=\"206\" height=\"121\" frameborder=\"0\" scrolling=\"no\" allowfullscreen=\"allowfullscreen\" data-mce-fragment=\"1\"><\/iframe><\/center><\/p>\n<p style=\"text-align: center;\"><a href='https:\/\/www.facebook.com\/amoursansfrontiere69\/' class='small-button smallblue'>Facebook Page<\/a><\/p>\n<p style=\"text-align: left;\">\n\t\t\t\t<\/div><\/p>\n<p style=\"text-align: center;\">[separator top=&#8221;40&#8243; bottom=&#8221;40&#8243; style=&#8221;single&#8221;]<\/p>\n<p style=\"text-align: left;\"><div class='one_fourth'>\n\t\t\t\t\t<p style=\"text-align: center;\"><strong>Music for the Growing Minds &#8211; Hong Kong<\/strong><\/p>\n<p style=\"text-align: center;\"><img decoding=\"async\" loading=\"lazy\" class=\"aligncenter size-full wp-image-30064\" src=\"http:\/\/dev.fasej.org\/wp-content\/uploads\/2018\/06\/HongKong.jpg\" alt=\"\" width=\"206\" height=\"121\" \/><\/p>\n<p style=\"text-align: center;\"><a href='http:\/\/www.musicgrowingmind.org\/' class='small-button smalldefault'>Website<\/a><\/p>\n<p style=\"text-align: center;\"><a href='http:\/\/dev.fasej.org\/en\/our-actions\/hong-kong-music-for-the-growing-mind\/' class='small-button smalllightgray'>Read more<\/a><\/p>\n<p style=\"text-align: center;\"><strong>with the support of<\/strong>\n<a href=\"https:\/\/www.iwc.com\/en\/company\/partnerships\/saint-exupery.html\" target=\"_blank\" rel=\"noopener\"><img decoding=\"async\" loading=\"lazy\" class=\"aligncenter wp-image-30105 size-full\" src=\"http:\/\/dev.fasej.org\/wp-content\/uploads\/2018\/06\/logo-IWC.jpg\" alt=\"\" width=\"145\" height=\"75\" \/><\/a><\/p>\n<p style=\"text-align: left;\">\n\t\t\t\t<\/div><br \/>\n<div class='one_fourth'>\n\t\t\t\t\t<p style=\"text-align: center;\"><strong>Enfants Monde Droits de l&#8217;Homme &#8211; Madagascar<\/strong><\/p>\n<p style=\"text-align: center;\"><img decoding=\"async\" loading=\"lazy\" class=\"aligncenter size-full wp-image-30066\" src=\"http:\/\/dev.fasej.org\/wp-content\/uploads\/2018\/06\/4MADAGASCAR-TopCenter-mini.jpg\" alt=\"\" width=\"206\" height=\"121\" \/><\/p>\n<p style=\"text-align: center;\"><a href='http:\/\/www.edm.org\/' class='small-button smalldefault'>Website<\/a><\/p>\n<p style=\"text-align: left;\">\n\t\t\t\t<\/div><\/p>\n<p style=\"text-align: left;\">\n","protected":false},"excerpt":{"rendered":"<p>[youtube id=&#8221;-Uv3tQH-PcU&#8221; width=&#8221;900&#8243; height=&#8221;500&#8243; autoplay=&#8221;no&#8221; api_params=&#8221;&#8221;] [separator top=&#8221;40&#8243; bottom=&#8221;40&#8243; style=&#8221;single&#8221;] [separator top=&#8221;40&#8243; bottom=&#8221;40&#8243; style=&#8221;single&#8221;] [separator top=&#8221;40&#8243; bottom=&#8221;40&#8243; style=&#8221;single&#8221;] [separator top=&#8221;40&#8243; bottom=&#8221;40&#8243; style=&#8221;single&#8221;] [separator top=&#8221;40&#8243; bottom=&#8221;40&#8243; style=&#8221;single&#8221;] [separator top=&#8221;40&#8243; bottom=&#8221;40&#8243; style=&#8221;single&#8221;]<\/p>\n","protected":false},"author":1,"featured_media":0,"parent":0,"menu_order":0,"comment_status":"closed","ping_status":"closed","template":"full-width.php","meta":{"_et_pb_use_builder":"","_et_pb_old_content":"","_et_gb_content_width":""},"_links":{"self":[{"href":"https:\/\/dev.fasej.org\/en\/wp-json\/wp\/v2\/pages\/263"}],"collection":[{"href":"https:\/\/dev.fasej.org\/en\/wp-json\/wp\/v2\/pages"}],"about":[{"href":"https:\/\/dev.fasej.org\/en\/wp-json\/wp\/v2\/types\/page"}],"author":[{"embeddable":true,"href":"https:\/\/dev.fasej.org\/en\/wp-json\/wp\/v2\/users\/1"}],"replies":[{"embeddable":true,"href":"https:\/\/dev.fasej.org\/en\/wp-json\/wp\/v2\/comments?post=263"}],"version-history":[{"count":25,"href":"https:\/\/dev.fasej.org\/en\/wp-json\/wp\/v2\/pages\/263\/revisions"}],"predecessor-version":[{"id":31018,"href":"https:\/\/dev.fasej.org\/en\/wp-json\/wp\/v2\/pages\/263\/revisions\/31018"}],"wp:attachment":[{"href":"https:\/\/dev.fasej.org\/en\/wp-json\/wp\/v2\/media?parent=263"}],"curies":[{"name":"wp","href":"https:\/\/api.w.org\/{rel}","templated":true}]}}